{"id":231,"date":"2016-08-10T23:28:49","date_gmt":"2016-08-10T22:28:49","guid":{"rendered":"https:\/\/hangarcrealab.wordpress.com\/?page_id=231"},"modified":"2021-05-26T11:35:46","modified_gmt":"2021-05-26T09:35:46","slug":"crealab","status":"publish","type":"page","link":"https:\/\/hangar-crealab.fr\/wp\/crealab\/","title":{"rendered":"Un Crealab : recherche, production, transmission"},"content":{"rendered":"<hr>\n<h2><strong>Notre objectif <\/strong>: Laboratoire de cr\u00e9ation, prototypage, pr\u00e9sentation publique, workshop, r\u00e9sidence d&rsquo;artistes, conf\u00e9rence, atelier de transmission, r\u00e9union&#8230;<\/h2>\n<p>Le Hangar Crealab est un espace modulable et mouvant qui \u00e9volue en fonction des besoins et des sp\u00e9cificit\u00e9s de chacun.<\/p>\n<h3><strong>Nous sommes actuellement en travaux.<\/strong><\/h3>\n<p>Pour vos r\u00e9unions, pr\u00e9sentations dynamiques, vos conf\u00e9rences, ou autres \u00e9v\u00e8nements, le Hangar Crealab sera prochainement \u00e9quip\u00e9 et en mesure de r\u00e9pondre \u00e0 vos demandes.<\/p>\n<blockquote><p><strong>Ici, \u00e7a n&rsquo;est pas \u00e0 l&rsquo;activit\u00e9 de se contraindre mais au lieu d&rsquo;\u00eatre en mesure de s&rsquo;adapter.<\/strong><\/p><\/blockquote>\n","protected":false},"excerpt":{"rendered":"<p>Notre objectif : Laboratoire de cr\u00e9ation, prototypage, pr\u00e9sentation publique, workshop, r\u00e9sidence d&rsquo;artistes, conf\u00e9rence, atelier de transmission, r\u00e9union&#8230; Le Hangar Crealab est un espace modulable et mouvant qui \u00e9volue en fonction &hellip; <a href=\"https:\/\/hangar-crealab.fr\/wp\/crealab\/\" class=\"more-link\">Lire la suite <span class=\"screen-reader-text\">Un Crealab : recherche, production, transmission<\/span><\/a><\/p>\n","protected":false},"author":2,"featured_media":323,"parent":0,"menu_order":0,"comment_status":"closed","ping_status":"closed","template":"page-templates\/full-width-page.php","meta":{"spay_email":""},"jetpack_sharing_enabled":false,"jetpack_shortlink":"https:\/\/wp.me\/P7QaWw-3J","jetpack-related-posts":[{"id":139,"url":"https:\/\/hangar-crealab.fr\/wp\/","url_meta":{"origin":231,"position":0},"title":"Le Hangar Crealab est un lieu d'ouverture(s) favorisant l\u2019\u00e9mergence et le d\u00e9veloppement de pratiques innovantes","date":"10 ao\u00fbt 2016","format":false,"excerpt":"Le Hangar Crealab est un lieu g\u00e9r\u00e9 collectivement : toutes les d\u00e9cisions sont prises par le collectif et ses b\u00e9n\u00e9voles, qui y m\u00e8nent aussi les actions quotidiennes pour son bon fonctionnement. Les r\u00e9sidents et les b\u00e9n\u00e9voles participent \u00e0 la vie quotidienne et collective du lieu. Ils mettent \u00e9galement en \u0153uvre\u2026","rel":"","context":"Article similaire","img":{"alt_text":"","src":"https:\/\/i0.wp.com\/hangar-crealab.fr\/wp\/wp-content\/uploads\/2016\/08\/DSCF0781.jpg?fit=1200%2C900&ssl=1&resize=350%2C200","width":350,"height":200},"classes":[]},{"id":240,"url":"https:\/\/hangar-crealab.fr\/wp\/un-lieu-de-diffusion\/","url_meta":{"origin":231,"position":1},"title":"Un lieu de diffusion et de programmation culturelle","date":"10 ao\u00fbt 2016","format":false,"excerpt":"Expositions, collaboration, carte blanche... La diffusion au Hangar Crealab s'envisage selon quatre modalit\u00e9s : accueil de projets ext\u00e9rieurs, programmation sur invitation du collectif, collaborations \"sur mesure\" cartes blanches aux membres du collectif (travaux en cours ou projet personnel) Prochainement au Hangar Crealab... Toute la programmation en 1 clic sur\u00a0@HangarCrealab","rel":"","context":"Article similaire","img":{"alt_text":"","src":"https:\/\/i1.wp.com\/hangar-crealab.fr\/wp\/wp-content\/uploads\/2016\/08\/886601_1695421687378543_4585368330783112242_o.jpg?fit=1200%2C627&ssl=1&resize=350%2C200","width":350,"height":200},"classes":[]},{"id":287,"url":"https:\/\/hangar-crealab.fr\/wp\/les-espaces-communs\/","url_meta":{"origin":231,"position":2},"title":"Les espaces communs du Hangar Crealab","date":"11 ao\u00fbt 2016","format":false,"excerpt":"Une petite pause dans le travail, un besoin d'\u00e9changer, de se d\u00e9connecter pour un temps! Les espaces de convivialit\u00e9 du Hangar Crealab sont accessibles \u00e0 tous les r\u00e9sidents et g\u00e9r\u00e9s collectivement dans le respect du travail de chacun. Au bar, dans la cour ou m\u00eame dans le jardin, nous avons\u2026","rel":"","context":"Article similaire","img":{"alt_text":"","src":"https:\/\/i1.wp.com\/hangar-crealab.fr\/wp\/wp-content\/uploads\/2016\/08\/DSCF4504.jpg?fit=1200%2C900&ssl=1&resize=350%2C200","width":350,"height":200},"classes":[]},{"id":189,"url":"https:\/\/hangar-crealab.fr\/wp\/espaces-de-coworking\/","url_meta":{"origin":231,"position":3},"title":"Espaces de travail : des ateliers - bureaux s\u00e9curis\u00e9s pour un mois ou toute la vie !","date":"10 ao\u00fbt 2016","format":false,"excerpt":"Les\u00a0bureaux Con\u00e7us pour et par les occupants, les bureaux - ateliers du Hangar Crealab sont r\u00e9serv\u00e9s et s\u00e9curis\u00e9s\u00a0pour que vous restiez ind\u00e9pendant mais dans un environnement collectif. A occuper seul ou en \u00e9quipe, les bureaux - ateliers du Hangar Crealab sont pens\u00e9s pour permettre\u00a0le d\u00e9veloppement de l'activit\u00e9 des r\u00e9sidents comme\u2026","rel":"","context":"Article similaire","img":{"alt_text":"","src":"https:\/\/i2.wp.com\/hangar-crealab.fr\/wp\/wp-content\/uploads\/2016\/08\/DSCF4576.jpg?fit=1200%2C900&ssl=1&resize=350%2C200","width":350,"height":200},"classes":[]},{"id":119,"url":"https:\/\/hangar-crealab.fr\/wp\/le-projet-du-hangar-crealab\/","url_meta":{"origin":231,"position":4},"title":"Le projet du Hangar Crealab","date":"10 ao\u00fbt 2016","format":false,"excerpt":"R\u00e9pondre aux enjeux des nouveaux modes de cr\u00e9ation dans un contexte inspirant de profondes mutations Le Hangar Crealab ambitionne de questionner par l'exp\u00e9rimentation, les nouvelles formes de travail, qu'elles soient artistiques, techniques ou cr\u00e9atives. Mutualisation & Partage Mise en r\u00e9seaux Circulation des savoirs, des comp\u00e9tences, des ressources, des outils Cultiver\u2026","rel":"","context":"Article similaire","img":{"alt_text":"","src":"https:\/\/i0.wp.com\/hangar-crealab.fr\/wp\/wp-content\/uploads\/2016\/08\/startup-594090_1920.jpg?fit=1200%2C800&ssl=1&resize=350%2C200","width":350,"height":200},"classes":[]},{"id":273,"url":"https:\/\/hangar-crealab.fr\/wp\/contact\/","url_meta":{"origin":231,"position":5},"title":"Contacter le Hangar Crealab","date":"11 ao\u00fbt 2016","format":false,"excerpt":"HANGAR CREALAB 43 Place d\u2019Alger \u2013\u00a072000 Le Mans@hangarcrealab Si vous souhaitez nous rejoindre nous vous invitons \u00e0 remplir ce formulaire et pour nous rencontrer, pour toutes autres questions c'est ici: \u00a0 Enregistrer Enregistrer Enregistrer Enregistrer Enregistrer Enregistrer Enregistrer Enregistrer Enregistrer","rel":"","context":"Article similaire","img":{"alt_text":"","src":"https:\/\/i0.wp.com\/hangar-crealab.fr\/wp\/wp-content\/uploads\/2016\/08\/DSCF4517.jpg?fit=1200%2C900&ssl=1&resize=350%2C200","width":350,"height":200},"classes":[]}],"_links":{"self":[{"href":"https:\/\/hangar-crealab.fr\/wp\/wp-json\/wp\/v2\/pages\/231"}],"collection":[{"href":"https:\/\/hangar-crealab.fr\/wp\/wp-json\/wp\/v2\/pages"}],"about":[{"href":"https:\/\/hangar-crealab.fr\/wp\/wp-json\/wp\/v2\/types\/page"}],"author":[{"embeddable":true,"href":"https:\/\/hangar-crealab.fr\/wp\/wp-json\/wp\/v2\/users\/2"}],"replies":[{"embeddable":true,"href":"https:\/\/hangar-crealab.fr\/wp\/wp-json\/wp\/v2\/comments?post=231"}],"version-history":[{"count":7,"href":"https:\/\/hangar-crealab.fr\/wp\/wp-json\/wp\/v2\/pages\/231\/revisions"}],"predecessor-version":[{"id":1002,"href":"https:\/\/hangar-crealab.fr\/wp\/wp-json\/wp\/v2\/pages\/231\/revisions\/1002"}],"wp:featuredmedia":[{"embeddable":true,"href":"https:\/\/hangar-crealab.fr\/wp\/wp-json\/wp\/v2\/media\/323"}],"wp:attachment":[{"href":"https:\/\/hangar-crealab.fr\/wp\/wp-json\/wp\/v2\/media?parent=231"}],"curies":[{"name":"wp","href":"https:\/\/api.w.org\/{rel}","templated":true}]}}