{"id":467,"date":"2017-05-23T11:20:20","date_gmt":"2017-05-23T09:20:20","guid":{"rendered":"http:\/\/hangar-crealab.fr\/wp\/?page_id=467"},"modified":"2020-05-28T14:37:50","modified_gmt":"2020-05-28T12:37:50","slug":"formulaire-de-candidature","status":"publish","type":"page","link":"https:\/\/hangar-crealab.fr\/wp\/formulaire-de-candidature\/","title":{"rendered":"Formulaire de Candidature"},"content":{"rendered":"<div role=\"form\" class=\"wpcf7\" id=\"wpcf7-f466-o1\" lang=\"fr-FR\" dir=\"ltr\">\n<div class=\"screen-reader-response\"><p role=\"status\" aria-live=\"polite\" aria-atomic=\"true\"><\/p> <ul><\/ul><\/div>\n<form action=\"\/wp\/wp-json\/wp\/v2\/pages\/467#wpcf7-f466-o1\" method=\"post\" class=\"wpcf7-form init\" novalidate=\"novalidate\" data-status=\"init\">\n<div style=\"display: none;\">\n<input type=\"hidden\" name=\"_wpcf7\" value=\"466\" \/>\n<input type=\"hidden\" name=\"_wpcf7_version\" value=\"5.3.2\" \/>\n<input type=\"hidden\" name=\"_wpcf7_locale\" value=\"fr_FR\" \/>\n<input type=\"hidden\" name=\"_wpcf7_unit_tag\" value=\"wpcf7-f466-o1\" \/>\n<input type=\"hidden\" name=\"_wpcf7_container_post\" value=\"0\" \/>\n<input type=\"hidden\" name=\"_wpcf7_posted_data_hash\" value=\"\" \/>\n<input type=\"hidden\" name=\"_wpcf7_recaptcha_response\" value=\"\" \/>\n<\/div>\n<p><label> Votre nom (obligatoire)<br \/>\n    <span class=\"wpcf7-form-control-wrap your-name\"><input type=\"text\" name=\"your-name\" value=\"\" size=\"40\" class=\"wpcf7-form-control wpcf7-text wpcf7-validates-as-required\" aria-required=\"true\" aria-invalid=\"false\" \/><\/span> <\/label><\/p>\n<p><label> Votre pr\u00e9nom (obligatoire)<br \/>\n    <span class=\"wpcf7-form-control-wrap Prenom\"><input type=\"text\" name=\"Prenom\" value=\"\" size=\"40\" class=\"wpcf7-form-control wpcf7-text wpcf7-validates-as-required\" aria-required=\"true\" aria-invalid=\"false\" \/><\/span> <\/label><\/p>\n<p><label> Votre e-mail (obligatoire)<br \/>\n    <span class=\"wpcf7-form-control-wrap your-email\"><input type=\"email\" name=\"your-email\" value=\"\" size=\"40\" class=\"wpcf7-form-control wpcf7-text wpcf7-email wpcf7-validates-as-required wpcf7-validates-as-email\" aria-required=\"true\" aria-invalid=\"false\" \/><\/span> <\/label><\/p>\n<p><label> Num\u00e9ro de tel<br \/>\n    <span class=\"wpcf7-form-control-wrap tel-721\"><input type=\"tel\" name=\"tel-721\" value=\"\" size=\"40\" class=\"wpcf7-form-control wpcf7-text wpcf7-tel wpcf7-validates-as-tel\" aria-invalid=\"false\" \/><\/span> <\/label><\/p>\n<p><label> Domaine d'activit\u00e9<br \/>\n    <span class=\"wpcf7-form-control-wrap your-subject\"><input type=\"text\" name=\"your-subject\" value=\"\" size=\"40\" class=\"wpcf7-form-control wpcf7-text\" aria-invalid=\"false\" \/><\/span> <\/label><\/p>\n<p><label> \"Hey tu fais quoi ?\" l\u00e0 tu peux en dire un peu plus sur ton activit\u00e9, c'est \u00e0 toi<br \/>\n    <span class=\"wpcf7-form-control-wrap Activite\"><textarea name=\"Activite\" cols=\"40\" rows=\"10\" class=\"wpcf7-form-control wpcf7-textarea\" aria-invalid=\"false\"><\/textarea><\/span> <\/label><\/p>\n<p><label> Ton Site internet, ton book<br \/>\n    <span class=\"wpcf7-form-control-wrap url-704\"><input type=\"url\" name=\"url-704\" value=\"\" size=\"40\" class=\"wpcf7-form-control wpcf7-text wpcf7-url wpcf7-validates-as-url\" aria-invalid=\"false\" \/><\/span> <\/label><\/p>\n<p><label> Pourquoi le Hangar ? Qu'est-ce que signifie pour toi un projet collectif ? (y'a pas de pi\u00e8ge hein !)<br \/>\n    <span class=\"wpcf7-form-control-wrap Pourquoihangar\"><textarea name=\"Pourquoihangar\" cols=\"40\" rows=\"10\" class=\"wpcf7-form-control wpcf7-textarea\" aria-invalid=\"false\"><\/textarea><\/span> <\/label><\/p>\n<p><label> Une id\u00e9e de tes horaires de travail au Hangar ?<br \/>\n    <span class=\"wpcf7-form-control-wrap Horairestravail\"><textarea name=\"Horairestravail\" cols=\"40\" rows=\"10\" class=\"wpcf7-form-control wpcf7-textarea\" aria-invalid=\"false\"><\/textarea><\/span> <\/label><\/p>\n<p><label> Quels sont tes besoins en surface (minimum et maximum)? N'h\u00e9site pas \u00e0 nous indiquer un box en particulier si tu as des pr\u00e9f\u00e9rences<br \/>\n    <span class=\"wpcf7-form-control-wrap Besoins\"><textarea name=\"Besoins\" cols=\"40\" rows=\"10\" class=\"wpcf7-form-control wpcf7-textarea\" aria-invalid=\"false\"><\/textarea><\/span> <\/label><\/p>\n<p><label> Partager un box est un probl\u00e8me pour toi ?<br \/>\n    <span class=\"wpcf7-form-control-wrap checkbox-853\"><span class=\"wpcf7-form-control wpcf7-checkbox wpcf7-exclusive-checkbox\"><span class=\"wpcf7-list-item first\"><input type=\"checkbox\" name=\"checkbox-853\" value=\"Oui\" \/><span class=\"wpcf7-list-item-label\">Oui<\/span><\/span><span class=\"wpcf7-list-item last\"><input type=\"checkbox\" name=\"checkbox-853\" value=\"Non\" \/><span class=\"wpcf7-list-item-label\">Non<\/span><\/span><\/span><\/span> <\/label><\/p>\n<p><label> Pourquoi ?<br \/>\n    <span class=\"wpcf7-form-control-wrap Pourquoipartage\"><textarea name=\"Pourquoipartage\" cols=\"40\" rows=\"10\" class=\"wpcf7-form-control wpcf7-textarea\" aria-invalid=\"false\"><\/textarea><\/span> <\/label><\/p>\n<p><label> Quels sont tes besoins mat\u00e9riels ? (\u00e9lectricit\u00e9, chauffage, eau froide\/chaude...)<br \/>\n    <span class=\"wpcf7-form-control-wrap Besoinsmatriels\"><textarea name=\"Besoinsmatriels\" cols=\"40\" rows=\"10\" class=\"wpcf7-form-control wpcf7-textarea\" aria-invalid=\"false\"><\/textarea><\/span> <\/label><\/p>\n<p><label> Quel est ton budget mensuel pour l'ensemble des frais li\u00e9 \u00e0 ton espace ?<br \/>\n    <span class=\"wpcf7-form-control-wrap Budget\"><textarea name=\"Budget\" cols=\"40\" rows=\"10\" class=\"wpcf7-form-control wpcf7-textarea\" aria-invalid=\"false\"><\/textarea><\/span> <\/label><\/p>\n<p><label> Pour quelle dur\u00e9e envisages-tu de nous rejoindre ? Et \u00e0 partir de quand ?<br \/>\n    <span class=\"wpcf7-form-control-wrap Dure\"><textarea name=\"Dure\" cols=\"40\" rows=\"10\" class=\"wpcf7-form-control wpcf7-textarea\" aria-invalid=\"false\"><\/textarea><\/span> <\/label><\/p>\n<p><label> Es-tu d\u00e9j\u00e0 pass\u00e9 au Hangar Crealab ?<br \/>\n    <span class=\"wpcf7-form-control-wrap checkbox-323\"><span class=\"wpcf7-form-control wpcf7-checkbox wpcf7-exclusive-checkbox\"><span class=\"wpcf7-list-item first\"><span class=\"wpcf7-list-item-label\">Oui<\/span><input type=\"checkbox\" name=\"checkbox-323\" value=\"Oui\" \/><\/span><span class=\"wpcf7-list-item last\"><span class=\"wpcf7-list-item-label\">Non<\/span><input type=\"checkbox\" name=\"checkbox-323\" value=\"Non\" \/><\/span><\/span><\/span> <\/label><\/p>\n<p><label> Pourquoi ?<br \/>\n    <span class=\"wpcf7-form-control-wrap pourquoivenu\"><textarea name=\"pourquoivenu\" cols=\"40\" rows=\"10\" class=\"wpcf7-form-control wpcf7-textarea\" aria-invalid=\"false\"><\/textarea><\/span> <\/label><\/p>\n<p><label> N'h\u00e9site pas \u00e0 nous en dire un peu plus si tu en ressens le besoin.<br \/>\n    <span class=\"wpcf7-form-control-wrap plus\"><textarea name=\"plus\" cols=\"40\" rows=\"10\" class=\"wpcf7-form-control wpcf7-textarea\" aria-invalid=\"false\"><\/textarea><\/span> <\/label><\/p>\n<p><input type=\"submit\" value=\"Envoyer\" class=\"wpcf7-form-control wpcf7-submit\" \/><\/p>\n<div class=\"wpcf7-response-output\" aria-hidden=\"true\"><\/div><\/form><\/div>\n","protected":false},"excerpt":{"rendered":"","protected":false},"author":1,"featured_media":0,"parent":0,"menu_order":0,"comment_status":"closed","ping_status":"closed","template":"page-templates\/full-width-page.php","meta":{"spay_email":""},"jetpack_sharing_enabled":true,"jetpack_shortlink":"https:\/\/wp.me\/P7QaWw-7x","jetpack-related-posts":[{"id":273,"url":"https:\/\/hangar-crealab.fr\/wp\/contact\/","url_meta":{"origin":467,"position":0},"title":"Contacter le Hangar Crealab","date":"11 ao\u00fbt 2016","format":false,"excerpt":"HANGAR CREALAB 43 Place d\u2019Alger \u2013\u00a072000 Le Mans@hangarcrealab Si vous souhaitez nous rejoindre nous vous invitons \u00e0 remplir ce formulaire et pour nous rencontrer, pour toutes autres questions c'est ici: \u00a0 Enregistrer Enregistrer Enregistrer Enregistrer Enregistrer Enregistrer Enregistrer Enregistrer Enregistrer","rel":"","context":"Article similaire","img":{"alt_text":"","src":"https:\/\/i0.wp.com\/hangar-crealab.fr\/wp\/wp-content\/uploads\/2016\/08\/DSCF4517.jpg?fit=1200%2C900&ssl=1&resize=350%2C200","width":350,"height":200},"classes":[]},{"id":119,"url":"https:\/\/hangar-crealab.fr\/wp\/le-projet-du-hangar-crealab\/","url_meta":{"origin":467,"position":1},"title":"Le projet du Hangar Crealab","date":"10 ao\u00fbt 2016","format":false,"excerpt":"R\u00e9pondre aux enjeux des nouveaux modes de cr\u00e9ation dans un contexte inspirant de profondes mutations Le Hangar Crealab ambitionne de questionner par l'exp\u00e9rimentation, les nouvelles formes de travail, qu'elles soient artistiques, techniques ou cr\u00e9atives. Mutualisation & Partage Mise en r\u00e9seaux Circulation des savoirs, des comp\u00e9tences, des ressources, des outils Cultiver\u2026","rel":"","context":"Article similaire","img":{"alt_text":"","src":"https:\/\/i0.wp.com\/hangar-crealab.fr\/wp\/wp-content\/uploads\/2016\/08\/startup-594090_1920.jpg?fit=1200%2C800&ssl=1&resize=350%2C200","width":350,"height":200},"classes":[]},{"id":231,"url":"https:\/\/hangar-crealab.fr\/wp\/crealab\/","url_meta":{"origin":467,"position":2},"title":"Un Crealab : recherche, production, transmission","date":"10 ao\u00fbt 2016","format":false,"excerpt":"Notre objectif : Laboratoire de cr\u00e9ation, prototypage, pr\u00e9sentation publique, workshop, r\u00e9sidence d'artistes, conf\u00e9rence, atelier de transmission, r\u00e9union... Le Hangar Crealab est un espace modulable et mouvant qui \u00e9volue en fonction des besoins et des sp\u00e9cificit\u00e9s de chacun. Nous sommes actuellement en travaux. Pour vos r\u00e9unions, pr\u00e9sentations dynamiques, vos conf\u00e9rences, ou\u2026","rel":"","context":"Article similaire","img":{"alt_text":"","src":"https:\/\/i1.wp.com\/hangar-crealab.fr\/wp\/wp-content\/uploads\/2016\/08\/DSCF3888.jpg?fit=1200%2C900&ssl=1&resize=350%2C200","width":350,"height":200},"classes":[]},{"id":139,"url":"https:\/\/hangar-crealab.fr\/wp\/","url_meta":{"origin":467,"position":3},"title":"Le Hangar Crealab est un lieu d'ouverture(s) favorisant l\u2019\u00e9mergence et le d\u00e9veloppement de pratiques innovantes","date":"10 ao\u00fbt 2016","format":false,"excerpt":"Le Hangar Crealab est un lieu g\u00e9r\u00e9 collectivement : toutes les d\u00e9cisions sont prises par le collectif et ses b\u00e9n\u00e9voles, qui y m\u00e8nent aussi les actions quotidiennes pour son bon fonctionnement. Les r\u00e9sidents et les b\u00e9n\u00e9voles participent \u00e0 la vie quotidienne et collective du lieu. Ils mettent \u00e9galement en \u0153uvre\u2026","rel":"","context":"Article similaire","img":{"alt_text":"","src":"https:\/\/i0.wp.com\/hangar-crealab.fr\/wp\/wp-content\/uploads\/2016\/08\/DSCF0781.jpg?fit=1200%2C900&ssl=1&resize=350%2C200","width":350,"height":200},"classes":[]},{"id":240,"url":"https:\/\/hangar-crealab.fr\/wp\/un-lieu-de-diffusion\/","url_meta":{"origin":467,"position":4},"title":"Un lieu de diffusion et de programmation culturelle","date":"10 ao\u00fbt 2016","format":false,"excerpt":"Expositions, collaboration, carte blanche... La diffusion au Hangar Crealab s'envisage selon quatre modalit\u00e9s : accueil de projets ext\u00e9rieurs, programmation sur invitation du collectif, collaborations \"sur mesure\" cartes blanches aux membres du collectif (travaux en cours ou projet personnel) Prochainement au Hangar Crealab... Toute la programmation en 1 clic sur\u00a0@HangarCrealab","rel":"","context":"Article similaire","img":{"alt_text":"","src":"https:\/\/i1.wp.com\/hangar-crealab.fr\/wp\/wp-content\/uploads\/2016\/08\/886601_1695421687378543_4585368330783112242_o.jpg?fit=1200%2C627&ssl=1&resize=350%2C200","width":350,"height":200},"classes":[]},{"id":287,"url":"https:\/\/hangar-crealab.fr\/wp\/les-espaces-communs\/","url_meta":{"origin":467,"position":5},"title":"Les espaces communs du Hangar Crealab","date":"11 ao\u00fbt 2016","format":false,"excerpt":"Une petite pause dans le travail, un besoin d'\u00e9changer, de se d\u00e9connecter pour un temps! Les espaces de convivialit\u00e9 du Hangar Crealab sont accessibles \u00e0 tous les r\u00e9sidents et g\u00e9r\u00e9s collectivement dans le respect du travail de chacun. Au bar, dans la cour ou m\u00eame dans le jardin, nous avons\u2026","rel":"","context":"Article similaire","img":{"alt_text":"","src":"https:\/\/i1.wp.com\/hangar-crealab.fr\/wp\/wp-content\/uploads\/2016\/08\/DSCF4504.jpg?fit=1200%2C900&ssl=1&resize=350%2C200","width":350,"height":200},"classes":[]}],"_links":{"self":[{"href":"https:\/\/hangar-crealab.fr\/wp\/wp-json\/wp\/v2\/pages\/467"}],"collection":[{"href":"https:\/\/hangar-crealab.fr\/wp\/wp-json\/wp\/v2\/pages"}],"about":[{"href":"https:\/\/hangar-crealab.fr\/wp\/wp-json\/wp\/v2\/types\/page"}],"author":[{"embeddable":true,"href":"https:\/\/hangar-crealab.fr\/wp\/wp-json\/wp\/v2\/users\/1"}],"replies":[{"embeddable":true,"href":"https:\/\/hangar-crealab.fr\/wp\/wp-json\/wp\/v2\/comments?post=467"}],"version-history":[{"count":1,"href":"https:\/\/hangar-crealab.fr\/wp\/wp-json\/wp\/v2\/pages\/467\/revisions"}],"predecessor-version":[{"id":468,"href":"https:\/\/hangar-crealab.fr\/wp\/wp-json\/wp\/v2\/pages\/467\/revisions\/468"}],"wp:attachment":[{"href":"https:\/\/hangar-crealab.fr\/wp\/wp-json\/wp\/v2\/media?parent=467"}],"curies":[{"name":"wp","href":"https:\/\/api.w.org\/{rel}","templated":true}]}}